{"id":23,"date":"2016-04-08T13:57:04","date_gmt":"2016-04-08T13:57:04","guid":{"rendered":"http:\/\/jogiszakforditas.hu\/deutsch\/?page_id=23"},"modified":"2021-06-29T13:22:06","modified_gmt":"2021-06-29T13:22:06","slug":"hauptseite","status":"publish","type":"page","link":"https:\/\/jogiszakforditas.hu\/deutsch\/","title":{"rendered":"Herzlich Willkommen auf der Homepage des B\u00fcros f\u00fcr juristische Fach\u00fcbersetzung!"},"content":{"rendered":"\n<h3 class=\"wp-block-heading\">Bei uns sind Sie richtig:<\/h3>\n\n\n\n<p><img loading=\"lazy\" decoding=\"async\" src=\"https:\/\/jogiszakforditas.hu\/deutsch\/wp-content\/uploads\/2016\/04\/pipa.jpg\" alt=\"pipa\" width=\"21\" height=\"17\">&nbsp; &nbsp;Wenn Sie keine Kompromisse eingehen wollen, weder im sprachlichen, noch im fachlichen Bereich.<\/p>\n\n\n\n<p><img loading=\"lazy\" decoding=\"async\" src=\"https:\/\/jogiszakforditas.hu\/deutsch\/wp-content\/uploads\/2016\/04\/pipa.jpg\" alt=\"pipa\" width=\"21\" height=\"17\">&nbsp; &nbsp;Wenn Sie denken, dass das hohe Niveau ihrer anderssprachigen Dokumente auch einer Visitenkarte Ihrer fachlichen Standards entspricht.<\/p>\n\n\n\n<p><img loading=\"lazy\" decoding=\"async\" src=\"https:\/\/jogiszakforditas.hu\/deutsch\/wp-content\/uploads\/2016\/04\/pipa.jpg\" alt=\"pipa\" width=\"21\" height=\"17\">&nbsp; &nbsp;Wenn Sie nicht wollen, dass sich Ihre ausl\u00e4ndischen Partner oder deren Juristen \u00fcber \u00dcbersetzungsfehler eines Anwaltsanw\u00e4rters oder eines allgemeinen \u00dcbersetzungsb\u00fcros am\u00fcsieren.<\/p>\n\n\n\n<p><img loading=\"lazy\" decoding=\"async\" src=\"https:\/\/jogiszakforditas.hu\/deutsch\/wp-content\/uploads\/2016\/04\/pipa.jpg\" alt=\"pipa\" width=\"21\" height=\"17\">&nbsp; &nbsp;Wenn Sie Ihre Zeit und Energie lieber f\u00fcr Kundenakquise und juristische Arbeit nutzen m\u00f6chten, anstatt sie mit langweiligen \u00dcbersetzungen und Lektoraten zu verbringen.<\/p>\n\n\n\n<h3 class=\"wp-block-heading\">Denn<\/h3>\n\n\n\n<p><img loading=\"lazy\" decoding=\"async\" src=\"https:\/\/jogiszakforditas.hu\/deutsch\/wp-content\/uploads\/2016\/04\/pipa.jpg\" alt=\"pipa\" width=\"21\" height=\"17\">&nbsp; &nbsp;WIR WISSEN, dass man bei juristischen \u00dcbersetzungen keine Fehler machen darf.<\/p>\n\n\n\n<p><img loading=\"lazy\" decoding=\"async\" src=\"https:\/\/jogiszakforditas.hu\/deutsch\/wp-content\/uploads\/2016\/04\/pipa.jpg\" alt=\"pipa\" width=\"21\" height=\"17\">&nbsp; &nbsp;WIR WISSEN, dass die Fristen immer streng sind.<\/p>\n\n\n\n<p><img loading=\"lazy\" decoding=\"async\" src=\"https:\/\/jogiszakforditas.hu\/deutsch\/wp-content\/uploads\/2016\/04\/pipa.jpg\" alt=\"pipa\" width=\"21\" height=\"17\">&nbsp; &nbsp;WIR WISSEN, dass jeder Ausdruck, abh\u00e4ngig vom Rechtssystem andere Bedeutungen haben kann.<\/p>\n\n\n\n<p><img loading=\"lazy\" decoding=\"async\" src=\"https:\/\/jogiszakforditas.hu\/deutsch\/wp-content\/uploads\/2016\/04\/pipa.jpg\" alt=\"pipa\" width=\"21\" height=\"17\">&nbsp; &nbsp;DESHALB sind unsere \u00dcbersetzer allesamt auch Juristen, mit Erfahrungen in internationalen Anwaltskanzleien.<\/p>\n\n\n\n<p>Wenn Sie die Dienstleistungen des B\u00fcros f\u00fcr juristische Fach\u00fcbersetzung in Anspruch nehmen m\u00f6chten, haben Sie nicht mehr zu tun, als mit nur einem Klick die \u00dcbersetzung weiterzuleiten oder auszudrucken. Sie m\u00fcssen den Text nicht mehr mit dem Original abgleichen und sich auch nicht mehr \u00fcber Fehl\u00fcbersetzungen \u00e4rgern.<\/p>\n\n\n\n<p>Ganz einfach.<\/p>\n\n\n\n<p><a href=\"https:\/\/jogiszakforditas.hu\/deutsch\/kontakt-angebotsnachfrage\/\"><em>Fragen Sie jetzt gleich nach einem Angebot! (mit einem Klick hier)<\/em><\/a><\/p>\n\n\n\n<h4 class=\"has-text-align-center wp-block-heading\"><em>Das B\u00fcro f\u00fcr juristische Fach\u00fcbersetzung: \u201eFachgerechte \u00dcbersetzung von Juristen f\u00fcr Juristen\u201d<\/em><\/h4>\n\n\n\n<p><\/p>\n\n\n\n<div class=\"wp-block-columns is-layout-flex wp-container-core-columns-layout-1 wp-block-columns-is-layout-flex\">\n<div class=\"wp-block-column is-layout-flow wp-block-column-is-layout-flow\">\n<figure class=\"wp-block-image size-large\"><a href=\"https:\/\/jogiszakforditas.hu\/deutsch\/uber-uns\/\"><img loading=\"lazy\" decoding=\"async\" width=\"400\" height=\"300\" src=\"https:\/\/jogiszakforditas.hu\/deutsch\/wp-content\/uploads\/2021\/06\/bemutatkozas-kengyel-peter.jpg\" alt=\"\" class=\"wp-image-135\" srcset=\"https:\/\/jogiszakforditas.hu\/deutsch\/wp-content\/uploads\/2021\/06\/bemutatkozas-kengyel-peter.jpg 400w, https:\/\/jogiszakforditas.hu\/deutsch\/wp-content\/uploads\/2021\/06\/bemutatkozas-kengyel-peter-300x225.jpg 300w\" sizes=\"(max-width: 400px) 100vw, 400px\" \/><\/a><\/figure>\n\n\n\n<h2 class=\"wp-block-heading\"><a href=\"https:\/\/jogiszakforditas.hu\/deutsch\/uber-uns\/\">\u00dcber uns<\/a><\/h2>\n\n\n\n<p>Ich begr\u00fc\u00dfe Sie, mein Name ist Dr. P\u00e9ter Kengyel. Ich bin Jurist und fachlicher Leiter, wie auch \u00dcbersetzer des B\u00fcros f\u00fcr juristische Fach\u00fcbersetzung.&nbsp; Unser Unternehmen bietet all jenen fachgerechte \u00dcbersetzungen ihrer rechtlichen Dokumente, die auf professionelle Qualit\u00e4t besonderen Wert legen.<\/p>\n\n\n\n<div class=\"wp-block-buttons is-layout-flex wp-block-buttons-is-layout-flex\">\n<div class=\"wp-block-button\"><a class=\"wp-block-button__link\" href=\"https:\/\/jogiszakforditas.hu\/deutsch\/uber-uns\/\">Weiter&#8230;<\/a><\/div>\n<\/div>\n<\/div>\n\n\n\n<div class=\"wp-block-column is-layout-flow wp-block-column-is-layout-flow\">\n<figure class=\"wp-block-image size-large\"><a href=\"https:\/\/jogiszakforditas.hu\/deutsch\/unsere-tatigkeit\/\"><img loading=\"lazy\" decoding=\"async\" width=\"400\" height=\"300\" src=\"https:\/\/jogiszakforditas.hu\/deutsch\/wp-content\/uploads\/2021\/06\/tevekenysegunk2.jpg\" alt=\"\" class=\"wp-image-137\" srcset=\"https:\/\/jogiszakforditas.hu\/deutsch\/wp-content\/uploads\/2021\/06\/tevekenysegunk2.jpg 400w, https:\/\/jogiszakforditas.hu\/deutsch\/wp-content\/uploads\/2021\/06\/tevekenysegunk2-300x225.jpg 300w\" sizes=\"(max-width: 400px) 100vw, 400px\" \/><\/a><\/figure>\n\n\n\n<h2 class=\"wp-block-heading\"><a href=\"https:\/\/jogiszakforditas.hu\/deutsch\/unsere-tatigkeit\/\">Unsere T\u00e4tigkeit<\/a><\/h2>\n\n\n\n<p>Unser B\u00fcro besch\u00e4ftigt sich mit \u00dcbersetzung, Lektorat und Dolmetschen auf hohem Niveau,&nbsp; vor allem im Bereich des Rechts, aber auch in wirtschaftlichen,&nbsp;technischen und medizinischen Bereichen, die ans Recht angrenzen.<\/p>\n\n\n\n<div class=\"wp-block-buttons is-layout-flex wp-block-buttons-is-layout-flex\">\n<div class=\"wp-block-button\"><a class=\"wp-block-button__link\" href=\"https:\/\/jogiszakforditas.hu\/deutsch\/unsere-tatigkeit\/\">Weiter&#8230;<\/a><\/div>\n<\/div>\n<\/div>\n\n\n\n<div class=\"wp-block-column is-layout-flow wp-block-column-is-layout-flow\">\n<figure class=\"wp-block-image size-large\"><a href=\"https:\/\/jogiszakforditas.hu\/deutsch\/preise\/\"><img loading=\"lazy\" decoding=\"async\" width=\"400\" height=\"300\" src=\"https:\/\/jogiszakforditas.hu\/deutsch\/wp-content\/uploads\/2021\/06\/arajanlat.jpg\" alt=\"\" class=\"wp-image-138\" srcset=\"https:\/\/jogiszakforditas.hu\/deutsch\/wp-content\/uploads\/2021\/06\/arajanlat.jpg 400w, https:\/\/jogiszakforditas.hu\/deutsch\/wp-content\/uploads\/2021\/06\/arajanlat-300x225.jpg 300w\" sizes=\"(max-width: 400px) 100vw, 400px\" \/><\/a><\/figure>\n\n\n\n<h2 class=\"wp-block-heading\"><a href=\"https:\/\/jogiszakforditas.hu\/deutsch\/preise\/\">Preise<\/a><\/h2>\n\n\n\n<p>Der Preis der \u00dcbersetzung h\u00e4ngt von der Zielsprache, der Schwierigkeit des Textes und der Abgabefrist ab, daher sind unsere unten angegebenen Preise nur Richtwerte. F\u00fcr genaue Preisangaben k\u00f6nnen Sie sich nach einem Angebot erkundigen, indem Sie uns das Dokument zuschicken.&nbsp;<a href=\"https:\/\/jogiszakforditas.hu\/deutsch\/kontakt-angebotsnachfrage\/\"><em>(mit einem Klick hier)<\/em><\/a><\/p>\n\n\n\n<div class=\"wp-block-buttons is-layout-flex wp-block-buttons-is-layout-flex\">\n<div class=\"wp-block-button\"><a class=\"wp-block-button__link\" href=\"https:\/\/jogiszakforditas.hu\/deutsch\/preise\/\">Weiter&#8230;<\/a><\/div>\n<\/div>\n<\/div>\n<\/div>\n\n\n\n<p><\/p>\n\n\n\n<div class=\"wp-block-columns is-layout-flex wp-container-core-columns-layout-2 wp-block-columns-is-layout-flex\">\n<div class=\"wp-block-column is-layout-flow wp-block-column-is-layout-flow\" style=\"flex-basis:33.33%\">\n<h3 class=\"wp-block-heading\">Preise:<\/h3>\n\n\n\n<p>Der Preis der \u00dcbersetzung h\u00e4ngt von der Zielsprache, der Schwierigkeit des Textes und der Abgabefrist ab, daher sind unsere unten angegebenen Preise nur Richtwerte. F\u00fcr genaue Preisangaben k\u00f6nnen Sie sich nach einem Angebot erkundigen, indem Sie uns das Dokument zuschicken.<\/p>\n\n\n\n<p><a href=\"https:\/\/jogiszakforditas.hu\/deutsch\/kontakt-angebotsnachfrage\/\">Fragen Sie jetzt nach einem Angebot. (mit einem Klick hier)<\/a><\/p>\n\n\n\n<h3 class=\"wp-block-heading\">&nbsp;<\/h3>\n\n\n\n<h4 class=\"wp-block-heading\">\u00dcbersetzungs-Sprachen:<\/h4>\n\n\n\n<p>Englisch-Ungarisch, Ungarisch-Englisch, Deutsch-Ungarisch, Ungarisch-Deutsch, Franz\u00f6sisch-Ungarisch, Ungarisch-Franz\u00f6sisch, Italienisch-Ungarisch, Ungarisch-Italienisch<\/p>\n\n\n\n<p>Weitere Sprachen mit Ungarisch als Ziel- oder Ausgangssprache: Spanisch, Russisch, Rum\u00e4nisch, Tschechisch, Slowakisch, Slowenisch, Kroatisch, Serbisch, Chinesisch, Japanisch<\/p>\n\n\n\n<h3 class=\"wp-block-heading\">&nbsp;<\/h3>\n\n\n\n<h3 class=\"wp-block-heading\">Preise:<\/h3>\n\n\n\n<p>Der Preis der \u00dcbersetzung h\u00e4ngt von der Zielsprache, der Schwierigkeit des Textes und der Abgabefrist ab, daher sind unsere unten angegebenen Preise nur Richtwerte. F\u00fcr genaue Preisangaben k\u00f6nnen Sie sich nach einem Angebot erkundigen, indem Sie uns das Dokument zuschicken.<\/p>\n\n\n\n<p>Fragen Sie jetzt nach einem Angebot. <a href=\"https:\/\/jogiszakforditas.hu\/deutsch\/kontakt-angebotsnachfrage\/\">(mit einem Klick hier)<\/a><\/p>\n<\/div>\n\n\n\n<div class=\"wp-block-column is-layout-flow wp-block-column-is-layout-flow\" style=\"flex-basis:66.66%\">\n<h3 class=\"wp-block-heading\">Angebotsnachfrage<\/h3>\n\n\n<div id=\"arajanlat\"><div id=\"vfb-form-1\" class=\"visual-form-builder-container\"><form id=\"arajanlat-keres-1\" class=\"visual-form-builder vfb-form-1 \" method=\"post\" enctype=\"multipart\/form-data\">\n\t  \t<input type=\"hidden\" name=\"form_id\" value=\"1\" \/><fieldset class=\"vfb-fieldset vfb-fieldset-1 1 \" id=\"item-vfb-1\">&nbsp;<ul class=\"vfb-section vfb-section-1\"><li class=\"vfb-item vfb-item-text  \" id=\"item-vfb-5\"><label for=\"vfb-5\" class=\"vfb-desc\">Name  <span class=\"vfb-required-asterisk\">*<\/span><\/label><input type=\"text\" name=\"vfb-5\" id=\"vfb-5\" value=\"\" class=\"vfb-text  vfb-medium  required  \" \/><\/li><li class=\"vfb-item vfb-item-text  \" id=\"item-vfb-6\"><label for=\"vfb-6\" class=\"vfb-desc\">Email Adresse  <span class=\"vfb-required-asterisk\">*<\/span><\/label><input type=\"text\" name=\"vfb-6\" id=\"vfb-6\" value=\"\" class=\"vfb-text  vfb-medium  required  \" \/><\/li><div id=\"item-vfb-7\" class=\"vfb-section-div \"><h4>In welcher Sprache brauchen Sie die \u00dcbersetzung?<\/h4><\/div><div class=\"vfb-clear\"><\/div><li class=\"vfb-item vfb-item-select   vfb-left-half\" id=\"item-vfb-8\"><label for=\"vfb-8\" class=\"vfb-desc\"> <\/label><select name=\"vfb-8\" id=\"vfb-8\" class=\"vfb-select  vfb-medium  \"><option value=\"Englisch\">Englisch<\/option><option value=\"Deutsch\">Deutsch<\/option><option value=\"Franz\u00f6sisch\">Franz\u00f6sisch<\/option><option value=\"Italienisch\">Italienisch<\/option><option value=\"Spanisch\">Spanisch<\/option><option value=\"Russisch\">Russisch<\/option><option value=\"Rum\u00e4nisch\">Rum\u00e4nisch<\/option><option value=\"Slowakisch\">Slowakisch<\/option><option value=\"Tschechisch\">Tschechisch<\/option><option value=\"Serbisch\">Serbisch<\/option><option value=\"Kroatisch\">Kroatisch<\/option><option value=\"Slowenisch\">Slowenisch<\/option><option value=\"Japanisch\">Japanisch<\/option><option value=\"Chinesisch\">Chinesisch<\/option><\/select><\/li><li class=\"vfb-item vfb-item-text   vfb-right-half\" id=\"item-vfb-9\"><label for=\"vfb-9\" class=\"vfb-desc\"> <\/label><input type=\"text\" name=\"vfb-9\" id=\"vfb-9\" value=\"oder sonstige Sprachen\" class=\"vfb-text  vfb-medium   \" \/><\/li><li class=\"vfb-item vfb-item-text  \" id=\"item-vfb-10\"><label for=\"vfb-10\" class=\"vfb-desc\">Mit welcher Befristung brauchen Sie die \u00dcbersetzung? <\/label><input type=\"text\" name=\"vfb-10\" id=\"vfb-10\" value=\"\" class=\"vfb-text  vfb-medium   \" \/><\/li><li class=\"vfb-item vfb-item-textarea  \" id=\"item-vfb-11\"><label for=\"vfb-11\" class=\"vfb-desc\">Nachricht <\/label><div><textarea name=\"vfb-11\" id=\"vfb-11\" class=\"vfb-textarea  vfb-medium  \"><\/textarea><\/div><\/li><div id=\"item-vfb-12\" class=\"vfb-section-div \"><h4>Umfang des Dokuments<\/h4><\/div><div class=\"vfb-clear\"><\/div><li class=\"vfb-item vfb-item-select  \" id=\"item-vfb-13\"><label for=\"vfb-13\" class=\"vfb-desc\">Einheitspreis nach Menge <\/label><select name=\"vfb-13\" id=\"vfb-13\" class=\"vfb-select  vfb-medium  \"><option value=\"Anschl\u00e4ge (mit Leerzeichen)\">Anschl\u00e4ge (mit Leerzeichen)<\/option><option value=\"Worte\">Worte<\/option><option value=\"Seiten\">Seiten<\/option><\/select><\/li><div id=\"item-vfb-14\" class=\"vfb-section-div \"><h4>Dokument hochladen (nicht zwingend)<\/h4><\/div><div class=\"vfb-clear\"><\/div><li class=\"vfb-item vfb-item-file-upload  \" id=\"item-vfb-15\"><label for=\"vfb-15\" class=\"vfb-desc\">File Upload <\/label><input type=\"file\" name=\"vfb-15\" id=\"vfb-15\" value=\"\" class=\"vfb-text  vfb-medium     {accept:'png|jpe?g|gif'}\" \/><\/li><\/ul>&nbsp;<\/fieldset><fieldset class=\"vfb-fieldset vfb-fieldset-2 verification \" id=\"item-vfb-2\" style=\"display:block\"><div class=\"vfb-legend\"><h3>Verification<\/h3><\/div><ul class=\"vfb-section vfb-section-2\"><li class=\"vfb-item vfb-item-secret\"  style=\"display:block\"><label for=\"vfb-3\" class=\"vfb-desc\">Please enter any two digits <span class=\"vfb-required-asterisk\">*<\/span><\/label><input type=\"hidden\" name=\"_vfb-secret\" value=\"vfb-3\" \/><span class=\"vfb-span\"><input type=\"text\" name=\"vfb-3\" id=\"vfb-3\" value=\"\" class=\"vfb-text  vfb-medium  required {digits:true,maxlength:2,minlength:2} \" style=\"display:block\" \/><label>Example: 12<\/label><\/span><li style=\"display:none;\"><label>Ez a rovat a spam v\u00e9delem - &lt;strong&gt;k\u00e9rlek, hagyd \u00fcresen&lt;\/strong&gt;:<\/label><div><input name=\"vfb-spam\" \/><\/div><\/li>\n\t\t\t<li class=\"vfb-item vfb-item-submit\" id=\"item-vfb-4\">\n\t\t\t\t<input type=\"submit\" name=\"vfb-submit\" id=\"vfb-4\" value=\"Senden\" class=\"vfb-submit \" \/>\n\t\t\t\t<\/li><\/ul>\n\t\t\t<\/fieldset><input type=\"hidden\" name=\"_wp_http_referer\" value=\"\/deutsch\/wp-json\/wp\/v2\/pages\/23\" \/><\/form><\/div> <!-- .visual-form-builder-container --><\/div>\n<\/div>\n<\/div>\n","protected":false},"excerpt":{"rendered":"<p>Bei uns sind Sie richtig: &nbsp; &nbsp;Wenn Sie keine Kompromisse eingehen wollen, weder im sprachlichen, noch im fachlichen Bereich. &nbsp; &nbsp;Wenn Sie denken, dass das hohe Niveau ihrer anderssprachigen Dokumente auch einer Visitenkarte Ihrer fachlichen Standards entspricht. &nbsp; &nbsp;Wenn Sie nicht wollen, dass sich Ihre ausl\u00e4ndischen Partner oder deren Juristen \u00fcber \u00dcbersetzungsfehler eines Anwaltsanw\u00e4rters oder&#8230;<\/p>\n","protected":false},"author":1,"featured_media":0,"parent":0,"menu_order":0,"comment_status":"closed","ping_status":"closed","template":"","meta":{"footnotes":""},"yoast_head":"<!-- This site is optimized with the Yoast SEO plugin v21.9.1 - https:\/\/yoast.com\/wordpress\/plugins\/seo\/ -->\n<title>Herzlich Willkommen auf der Homepage des B\u00fcros f\u00fcr juristische Fach\u00fcbersetzung! - Jogi Szakford\u00edt\u00e1s<\/title>\n<meta name=\"robots\" content=\"index, follow, max-snippet:-1, max-image-preview:large, max-video-preview:-1\" \/>\n<link rel=\"canonical\" href=\"https:\/\/jogiszakforditas.hu\/deutsch\/\" \/>\n<meta property=\"og:locale\" content=\"hu_HU\" \/>\n<meta property=\"og:type\" content=\"article\" \/>\n<meta property=\"og:title\" content=\"Herzlich Willkommen auf der Homepage des B\u00fcros f\u00fcr juristische Fach\u00fcbersetzung! - Jogi Szakford\u00edt\u00e1s\" \/>\n<meta property=\"og:description\" content=\"Bei uns sind Sie richtig: &nbsp; &nbsp;Wenn Sie keine Kompromisse eingehen wollen, weder im sprachlichen, noch im fachlichen Bereich. &nbsp; &nbsp;Wenn Sie denken, dass das hohe Niveau ihrer anderssprachigen Dokumente auch einer Visitenkarte Ihrer fachlichen Standards entspricht. &nbsp; &nbsp;Wenn Sie nicht wollen, dass sich Ihre ausl\u00e4ndischen Partner oder deren Juristen \u00fcber \u00dcbersetzungsfehler eines Anwaltsanw\u00e4rters oder...\" \/>\n<meta property=\"og:url\" content=\"https:\/\/jogiszakforditas.hu\/deutsch\/\" \/>\n<meta property=\"og:site_name\" content=\"Jogi Szakford\u00edt\u00e1s\" \/>\n<meta property=\"article:modified_time\" content=\"2021-06-29T13:22:06+00:00\" \/>\n<meta property=\"og:image\" content=\"http:\/\/jogiszakforditas.hu\/deutsch\/wp-content\/uploads\/2016\/04\/pipa.jpg\" \/>\n<meta name=\"twitter:card\" content=\"summary_large_image\" \/>\n<meta name=\"twitter:label1\" content=\"Becs\u00fclt olvas\u00e1si id\u0151\" \/>\n\t<meta name=\"twitter:data1\" content=\"3 perc\" \/>\n<script type=\"application\/ld+json\" class=\"yoast-schema-graph\">{\"@context\":\"https:\/\/schema.org\",\"@graph\":[{\"@type\":\"WebPage\",\"@id\":\"https:\/\/jogiszakforditas.hu\/deutsch\/\",\"url\":\"https:\/\/jogiszakforditas.hu\/deutsch\/\",\"name\":\"Herzlich Willkommen auf der Homepage des B\u00fcros f\u00fcr juristische Fach\u00fcbersetzung! - Jogi Szakford\u00edt\u00e1s\",\"isPartOf\":{\"@id\":\"https:\/\/jogiszakforditas.hu\/deutsch\/#website\"},\"datePublished\":\"2016-04-08T13:57:04+00:00\",\"dateModified\":\"2021-06-29T13:22:06+00:00\",\"breadcrumb\":{\"@id\":\"https:\/\/jogiszakforditas.hu\/deutsch\/#breadcrumb\"},\"inLanguage\":\"hu\",\"potentialAction\":[{\"@type\":\"ReadAction\",\"target\":[\"https:\/\/jogiszakforditas.hu\/deutsch\/\"]}]},{\"@type\":\"BreadcrumbList\",\"@id\":\"https:\/\/jogiszakforditas.hu\/deutsch\/#breadcrumb\",\"itemListElement\":[{\"@type\":\"ListItem\",\"position\":1,\"name\":\"Kezd\u0151lap\",\"item\":\"https:\/\/jogiszakforditas.hu\/deutsch\/\"},{\"@type\":\"ListItem\",\"position\":2,\"name\":\"Herzlich Willkommen auf der Homepage des B\u00fcros f\u00fcr juristische Fach\u00fcbersetzung!\"}]},{\"@type\":\"WebSite\",\"@id\":\"https:\/\/jogiszakforditas.hu\/deutsch\/#website\",\"url\":\"https:\/\/jogiszakforditas.hu\/deutsch\/\",\"name\":\"Jogi Szakford\u00edt\u00e1s\",\"description\":\"Fachgerechte \u00dcbersetzung von Juristen f\u00fcr Juristen\",\"publisher\":{\"@id\":\"https:\/\/jogiszakforditas.hu\/deutsch\/#organization\"},\"potentialAction\":[{\"@type\":\"SearchAction\",\"target\":{\"@type\":\"EntryPoint\",\"urlTemplate\":\"https:\/\/jogiszakforditas.hu\/deutsch\/?s={search_term_string}\"},\"query-input\":\"required name=search_term_string\"}],\"inLanguage\":\"hu\"},{\"@type\":\"Organization\",\"@id\":\"https:\/\/jogiszakforditas.hu\/deutsch\/#organization\",\"name\":\"Jogi Szakford\u00edt\u00e1s\",\"url\":\"https:\/\/jogiszakforditas.hu\/deutsch\/\",\"logo\":{\"@type\":\"ImageObject\",\"inLanguage\":\"hu\",\"@id\":\"https:\/\/jogiszakforditas.hu\/deutsch\/#\/schema\/logo\/image\/\",\"url\":\"https:\/\/jogiszakforditas.hu\/deutsch\/wp-content\/uploads\/2021\/06\/logo512.png\",\"contentUrl\":\"https:\/\/jogiszakforditas.hu\/deutsch\/wp-content\/uploads\/2021\/06\/logo512.png\",\"width\":200,\"height\":200,\"caption\":\"Jogi Szakford\u00edt\u00e1s\"},\"image\":{\"@id\":\"https:\/\/jogiszakforditas.hu\/deutsch\/#\/schema\/logo\/image\/\"}}]}<\/script>\n<!-- \/ Yoast SEO plugin. -->","yoast_head_json":{"title":"Herzlich Willkommen auf der Homepage des B\u00fcros f\u00fcr juristische Fach\u00fcbersetzung! - Jogi Szakford\u00edt\u00e1s","robots":{"index":"index","follow":"follow","max-snippet":"max-snippet:-1","max-image-preview":"max-image-preview:large","max-video-preview":"max-video-preview:-1"},"canonical":"https:\/\/jogiszakforditas.hu\/deutsch\/","og_locale":"hu_HU","og_type":"article","og_title":"Herzlich Willkommen auf der Homepage des B\u00fcros f\u00fcr juristische Fach\u00fcbersetzung! - Jogi Szakford\u00edt\u00e1s","og_description":"Bei uns sind Sie richtig: &nbsp; &nbsp;Wenn Sie keine Kompromisse eingehen wollen, weder im sprachlichen, noch im fachlichen Bereich. &nbsp; &nbsp;Wenn Sie denken, dass das hohe Niveau ihrer anderssprachigen Dokumente auch einer Visitenkarte Ihrer fachlichen Standards entspricht. &nbsp; &nbsp;Wenn Sie nicht wollen, dass sich Ihre ausl\u00e4ndischen Partner oder deren Juristen \u00fcber \u00dcbersetzungsfehler eines Anwaltsanw\u00e4rters oder...","og_url":"https:\/\/jogiszakforditas.hu\/deutsch\/","og_site_name":"Jogi Szakford\u00edt\u00e1s","article_modified_time":"2021-06-29T13:22:06+00:00","og_image":[{"url":"http:\/\/jogiszakforditas.hu\/deutsch\/wp-content\/uploads\/2016\/04\/pipa.jpg"}],"twitter_card":"summary_large_image","twitter_misc":{"Becs\u00fclt olvas\u00e1si id\u0151":"3 perc"},"schema":{"@context":"https:\/\/schema.org","@graph":[{"@type":"WebPage","@id":"https:\/\/jogiszakforditas.hu\/deutsch\/","url":"https:\/\/jogiszakforditas.hu\/deutsch\/","name":"Herzlich Willkommen auf der Homepage des B\u00fcros f\u00fcr juristische Fach\u00fcbersetzung! - Jogi Szakford\u00edt\u00e1s","isPartOf":{"@id":"https:\/\/jogiszakforditas.hu\/deutsch\/#website"},"datePublished":"2016-04-08T13:57:04+00:00","dateModified":"2021-06-29T13:22:06+00:00","breadcrumb":{"@id":"https:\/\/jogiszakforditas.hu\/deutsch\/#breadcrumb"},"inLanguage":"hu","potentialAction":[{"@type":"ReadAction","target":["https:\/\/jogiszakforditas.hu\/deutsch\/"]}]},{"@type":"BreadcrumbList","@id":"https:\/\/jogiszakforditas.hu\/deutsch\/#breadcrumb","itemListElement":[{"@type":"ListItem","position":1,"name":"Kezd\u0151lap","item":"https:\/\/jogiszakforditas.hu\/deutsch\/"},{"@type":"ListItem","position":2,"name":"Herzlich Willkommen auf der Homepage des B\u00fcros f\u00fcr juristische Fach\u00fcbersetzung!"}]},{"@type":"WebSite","@id":"https:\/\/jogiszakforditas.hu\/deutsch\/#website","url":"https:\/\/jogiszakforditas.hu\/deutsch\/","name":"Jogi Szakford\u00edt\u00e1s","description":"Fachgerechte \u00dcbersetzung von Juristen f\u00fcr Juristen","publisher":{"@id":"https:\/\/jogiszakforditas.hu\/deutsch\/#organization"},"potentialAction":[{"@type":"SearchAction","target":{"@type":"EntryPoint","urlTemplate":"https:\/\/jogiszakforditas.hu\/deutsch\/?s={search_term_string}"},"query-input":"required name=search_term_string"}],"inLanguage":"hu"},{"@type":"Organization","@id":"https:\/\/jogiszakforditas.hu\/deutsch\/#organization","name":"Jogi Szakford\u00edt\u00e1s","url":"https:\/\/jogiszakforditas.hu\/deutsch\/","logo":{"@type":"ImageObject","inLanguage":"hu","@id":"https:\/\/jogiszakforditas.hu\/deutsch\/#\/schema\/logo\/image\/","url":"https:\/\/jogiszakforditas.hu\/deutsch\/wp-content\/uploads\/2021\/06\/logo512.png","contentUrl":"https:\/\/jogiszakforditas.hu\/deutsch\/wp-content\/uploads\/2021\/06\/logo512.png","width":200,"height":200,"caption":"Jogi Szakford\u00edt\u00e1s"},"image":{"@id":"https:\/\/jogiszakforditas.hu\/deutsch\/#\/schema\/logo\/image\/"}}]}},"_links":{"self":[{"href":"https:\/\/jogiszakforditas.hu\/deutsch\/wp-json\/wp\/v2\/pages\/23"}],"collection":[{"href":"https:\/\/jogiszakforditas.hu\/deutsch\/wp-json\/wp\/v2\/pages"}],"about":[{"href":"https:\/\/jogiszakforditas.hu\/deutsch\/wp-json\/wp\/v2\/types\/page"}],"author":[{"embeddable":true,"href":"https:\/\/jogiszakforditas.hu\/deutsch\/wp-json\/wp\/v2\/users\/1"}],"replies":[{"embeddable":true,"href":"https:\/\/jogiszakforditas.hu\/deutsch\/wp-json\/wp\/v2\/comments?post=23"}],"version-history":[{"count":33,"href":"https:\/\/jogiszakforditas.hu\/deutsch\/wp-json\/wp\/v2\/pages\/23\/revisions"}],"predecessor-version":[{"id":157,"href":"https:\/\/jogiszakforditas.hu\/deutsch\/wp-json\/wp\/v2\/pages\/23\/revisions\/157"}],"wp:attachment":[{"href":"https:\/\/jogiszakforditas.hu\/deutsch\/wp-json\/wp\/v2\/media?parent=23"}],"curies":[{"name":"wp","href":"https:\/\/api.w.org\/{rel}","templated":true}]}}