{"id":25,"date":"2016-04-08T13:57:17","date_gmt":"2016-04-08T13:57:17","guid":{"rendered":"http:\/\/jogiszakforditas.hu\/deutsch\/?page_id=25"},"modified":"2021-06-29T13:22:07","modified_gmt":"2021-06-29T13:22:07","slug":"uber-uns","status":"publish","type":"page","link":"https:\/\/jogiszakforditas.hu\/deutsch\/uber-uns\/","title":{"rendered":"\u00dcber uns"},"content":{"rendered":"<p><img loading=\"lazy\" decoding=\"async\" class=\"alignleft size-medium wp-image-57\" src=\"https:\/\/jogiszakforditas.hu\/deutsch\/wp-content\/uploads\/2016\/04\/kengyelpeter_01_kis-240x300.jpg\" alt=\"kengyelpeter_01_kis\" width=\"240\" height=\"300\" srcset=\"https:\/\/jogiszakforditas.hu\/deutsch\/wp-content\/uploads\/2016\/04\/kengyelpeter_01_kis-240x300.jpg 240w, https:\/\/jogiszakforditas.hu\/deutsch\/wp-content\/uploads\/2016\/04\/kengyelpeter_01_kis-32x40.jpg 32w, https:\/\/jogiszakforditas.hu\/deutsch\/wp-content\/uploads\/2016\/04\/kengyelpeter_01_kis.jpg 500w\" sizes=\"(max-width: 240px) 100vw, 240px\" \/>Ich begr\u00fc\u00dfe Sie, mein Name ist Dr. P\u00e9ter Kengyel. Ich bin Jurist und fachlicher Leiter, wie auch \u00dcbersetzer des B\u00fcros f\u00fcr juristische Fach\u00fcbersetzung.\u00a0 Unser Unternehmen bietet all jenen fachgerechte \u00dcbersetzungen ihrer rechtlichen Dokumente, die auf professionelle Qualit\u00e4t besonderen Wert legen.<\/p>\n<p>Das B\u00fcro f\u00fcr juristische Fach\u00fcbersetzung wurde 2008 gegr\u00fcndet und hat sich auf die besonderen Bed\u00fcrfnisse der Juristen spezialisiert. Unser Team besteht ausschlie\u00dflich aus \u00dcbersetzern mit juristischer Ausbildung und hervorragenden Sprachkenntnissen und Erfahrungen, die ihre Leidenschaft zum Beruf gemacht haben.<\/p>\n<p>Laut der R\u00fcckmeldung zufriedener Kunden \u2013 die Gro\u00dfteils aus Anw\u00e4lten, aber auch aus Unternehmen, Gerichten, Staatsanw\u00e4lten, wie auch Verwaltungsorganisationen bestehen \u2013 ist es eine gro\u00dfe Hilfe, wenn sie sich ausschlie\u00dflich auf ihren Beruf konzentrieren k\u00f6nnen, da sie wissen, dass sie sich um die fachliche und sprachliche Qualit\u00e4t der \u00dcbersetzungen keine Sorgen machen m\u00fcssen.<\/p>\n<p>Probieren Sie es auch mal aus!<\/p>\n<p><em><a href=\"https:\/\/jogiszakforditas.hu\/deutsch\/kontakt-angebotsnachfrage\/\">Fragen Sie jetzt nach einem Angebot. (mit einem Klick hier)<\/a><\/em><\/p>\n","protected":false},"excerpt":{"rendered":"<p>Ich begr\u00fc\u00dfe Sie, mein Name ist Dr. P\u00e9ter Kengyel. Ich bin Jurist und fachlicher Leiter, wie auch \u00dcbersetzer des B\u00fcros f\u00fcr juristische Fach\u00fcbersetzung.\u00a0 Unser Unternehmen bietet all jenen fachgerechte \u00dcbersetzungen ihrer rechtlichen Dokumente, die auf professionelle Qualit\u00e4t besonderen Wert legen. Das B\u00fcro f\u00fcr juristische Fach\u00fcbersetzung wurde 2008 gegr\u00fcndet und hat sich auf die besonderen Bed\u00fcrfnisse&#8230;<\/p>\n","protected":false},"author":1,"featured_media":0,"parent":0,"menu_order":0,"comment_status":"closed","ping_status":"closed","template":"","meta":{"footnotes":""},"yoast_head":"<!-- This site is optimized with the Yoast SEO plugin v21.9.1 - https:\/\/yoast.com\/wordpress\/plugins\/seo\/ -->\n<title>\u00dcber uns - Jogi Szakford\u00edt\u00e1s<\/title>\n<meta name=\"robots\" content=\"index, follow, max-snippet:-1, max-image-preview:large, max-video-preview:-1\" \/>\n<link rel=\"canonical\" href=\"https:\/\/jogiszakforditas.hu\/deutsch\/uber-uns\/\" \/>\n<meta property=\"og:locale\" content=\"hu_HU\" \/>\n<meta property=\"og:type\" content=\"article\" \/>\n<meta property=\"og:title\" content=\"\u00dcber uns - Jogi Szakford\u00edt\u00e1s\" \/>\n<meta property=\"og:description\" content=\"Ich begr\u00fc\u00dfe Sie, mein Name ist Dr. P\u00e9ter Kengyel. Ich bin Jurist und fachlicher Leiter, wie auch \u00dcbersetzer des B\u00fcros f\u00fcr juristische Fach\u00fcbersetzung.\u00a0 Unser Unternehmen bietet all jenen fachgerechte \u00dcbersetzungen ihrer rechtlichen Dokumente, die auf professionelle Qualit\u00e4t besonderen Wert legen. Das B\u00fcro f\u00fcr juristische Fach\u00fcbersetzung wurde 2008 gegr\u00fcndet und hat sich auf die besonderen Bed\u00fcrfnisse...\" \/>\n<meta property=\"og:url\" content=\"https:\/\/jogiszakforditas.hu\/deutsch\/uber-uns\/\" \/>\n<meta property=\"og:site_name\" content=\"Jogi Szakford\u00edt\u00e1s\" \/>\n<meta property=\"article:modified_time\" content=\"2021-06-29T13:22:07+00:00\" \/>\n<meta property=\"og:image\" content=\"http:\/\/jogiszakforditas.hu\/deutsch\/wp-content\/uploads\/2016\/04\/kengyelpeter_01_kis-240x300.jpg\" \/>\n<meta name=\"twitter:card\" content=\"summary_large_image\" \/>\n<meta name=\"twitter:label1\" content=\"Becs\u00fclt olvas\u00e1si id\u0151\" \/>\n\t<meta name=\"twitter:data1\" content=\"1 perc\" \/>\n<script type=\"application\/ld+json\" class=\"yoast-schema-graph\">{\"@context\":\"https:\/\/schema.org\",\"@graph\":[{\"@type\":\"WebPage\",\"@id\":\"https:\/\/jogiszakforditas.hu\/deutsch\/uber-uns\/\",\"url\":\"https:\/\/jogiszakforditas.hu\/deutsch\/uber-uns\/\",\"name\":\"\u00dcber uns - Jogi Szakford\u00edt\u00e1s\",\"isPartOf\":{\"@id\":\"https:\/\/jogiszakforditas.hu\/deutsch\/#website\"},\"datePublished\":\"2016-04-08T13:57:17+00:00\",\"dateModified\":\"2021-06-29T13:22:07+00:00\",\"breadcrumb\":{\"@id\":\"https:\/\/jogiszakforditas.hu\/deutsch\/uber-uns\/#breadcrumb\"},\"inLanguage\":\"hu\",\"potentialAction\":[{\"@type\":\"ReadAction\",\"target\":[\"https:\/\/jogiszakforditas.hu\/deutsch\/uber-uns\/\"]}]},{\"@type\":\"BreadcrumbList\",\"@id\":\"https:\/\/jogiszakforditas.hu\/deutsch\/uber-uns\/#breadcrumb\",\"itemListElement\":[{\"@type\":\"ListItem\",\"position\":1,\"name\":\"Kezd\u0151lap\",\"item\":\"https:\/\/jogiszakforditas.hu\/deutsch\/\"},{\"@type\":\"ListItem\",\"position\":2,\"name\":\"\u00dcber uns\"}]},{\"@type\":\"WebSite\",\"@id\":\"https:\/\/jogiszakforditas.hu\/deutsch\/#website\",\"url\":\"https:\/\/jogiszakforditas.hu\/deutsch\/\",\"name\":\"Jogi Szakford\u00edt\u00e1s\",\"description\":\"Fachgerechte \u00dcbersetzung von Juristen f\u00fcr Juristen\",\"publisher\":{\"@id\":\"https:\/\/jogiszakforditas.hu\/deutsch\/#organization\"},\"potentialAction\":[{\"@type\":\"SearchAction\",\"target\":{\"@type\":\"EntryPoint\",\"urlTemplate\":\"https:\/\/jogiszakforditas.hu\/deutsch\/?s={search_term_string}\"},\"query-input\":\"required name=search_term_string\"}],\"inLanguage\":\"hu\"},{\"@type\":\"Organization\",\"@id\":\"https:\/\/jogiszakforditas.hu\/deutsch\/#organization\",\"name\":\"Jogi Szakford\u00edt\u00e1s\",\"url\":\"https:\/\/jogiszakforditas.hu\/deutsch\/\",\"logo\":{\"@type\":\"ImageObject\",\"inLanguage\":\"hu\",\"@id\":\"https:\/\/jogiszakforditas.hu\/deutsch\/#\/schema\/logo\/image\/\",\"url\":\"https:\/\/jogiszakforditas.hu\/deutsch\/wp-content\/uploads\/2021\/06\/logo512.png\",\"contentUrl\":\"https:\/\/jogiszakforditas.hu\/deutsch\/wp-content\/uploads\/2021\/06\/logo512.png\",\"width\":200,\"height\":200,\"caption\":\"Jogi Szakford\u00edt\u00e1s\"},\"image\":{\"@id\":\"https:\/\/jogiszakforditas.hu\/deutsch\/#\/schema\/logo\/image\/\"}}]}<\/script>\n<!-- \/ Yoast SEO plugin. -->","yoast_head_json":{"title":"\u00dcber uns - Jogi Szakford\u00edt\u00e1s","robots":{"index":"index","follow":"follow","max-snippet":"max-snippet:-1","max-image-preview":"max-image-preview:large","max-video-preview":"max-video-preview:-1"},"canonical":"https:\/\/jogiszakforditas.hu\/deutsch\/uber-uns\/","og_locale":"hu_HU","og_type":"article","og_title":"\u00dcber uns - Jogi Szakford\u00edt\u00e1s","og_description":"Ich begr\u00fc\u00dfe Sie, mein Name ist Dr. P\u00e9ter Kengyel. Ich bin Jurist und fachlicher Leiter, wie auch \u00dcbersetzer des B\u00fcros f\u00fcr juristische Fach\u00fcbersetzung.\u00a0 Unser Unternehmen bietet all jenen fachgerechte \u00dcbersetzungen ihrer rechtlichen Dokumente, die auf professionelle Qualit\u00e4t besonderen Wert legen. Das B\u00fcro f\u00fcr juristische Fach\u00fcbersetzung wurde 2008 gegr\u00fcndet und hat sich auf die besonderen Bed\u00fcrfnisse...","og_url":"https:\/\/jogiszakforditas.hu\/deutsch\/uber-uns\/","og_site_name":"Jogi Szakford\u00edt\u00e1s","article_modified_time":"2021-06-29T13:22:07+00:00","og_image":[{"url":"http:\/\/jogiszakforditas.hu\/deutsch\/wp-content\/uploads\/2016\/04\/kengyelpeter_01_kis-240x300.jpg"}],"twitter_card":"summary_large_image","twitter_misc":{"Becs\u00fclt olvas\u00e1si id\u0151":"1 perc"},"schema":{"@context":"https:\/\/schema.org","@graph":[{"@type":"WebPage","@id":"https:\/\/jogiszakforditas.hu\/deutsch\/uber-uns\/","url":"https:\/\/jogiszakforditas.hu\/deutsch\/uber-uns\/","name":"\u00dcber uns - Jogi Szakford\u00edt\u00e1s","isPartOf":{"@id":"https:\/\/jogiszakforditas.hu\/deutsch\/#website"},"datePublished":"2016-04-08T13:57:17+00:00","dateModified":"2021-06-29T13:22:07+00:00","breadcrumb":{"@id":"https:\/\/jogiszakforditas.hu\/deutsch\/uber-uns\/#breadcrumb"},"inLanguage":"hu","potentialAction":[{"@type":"ReadAction","target":["https:\/\/jogiszakforditas.hu\/deutsch\/uber-uns\/"]}]},{"@type":"BreadcrumbList","@id":"https:\/\/jogiszakforditas.hu\/deutsch\/uber-uns\/#breadcrumb","itemListElement":[{"@type":"ListItem","position":1,"name":"Kezd\u0151lap","item":"https:\/\/jogiszakforditas.hu\/deutsch\/"},{"@type":"ListItem","position":2,"name":"\u00dcber uns"}]},{"@type":"WebSite","@id":"https:\/\/jogiszakforditas.hu\/deutsch\/#website","url":"https:\/\/jogiszakforditas.hu\/deutsch\/","name":"Jogi Szakford\u00edt\u00e1s","description":"Fachgerechte \u00dcbersetzung von Juristen f\u00fcr Juristen","publisher":{"@id":"https:\/\/jogiszakforditas.hu\/deutsch\/#organization"},"potentialAction":[{"@type":"SearchAction","target":{"@type":"EntryPoint","urlTemplate":"https:\/\/jogiszakforditas.hu\/deutsch\/?s={search_term_string}"},"query-input":"required name=search_term_string"}],"inLanguage":"hu"},{"@type":"Organization","@id":"https:\/\/jogiszakforditas.hu\/deutsch\/#organization","name":"Jogi Szakford\u00edt\u00e1s","url":"https:\/\/jogiszakforditas.hu\/deutsch\/","logo":{"@type":"ImageObject","inLanguage":"hu","@id":"https:\/\/jogiszakforditas.hu\/deutsch\/#\/schema\/logo\/image\/","url":"https:\/\/jogiszakforditas.hu\/deutsch\/wp-content\/uploads\/2021\/06\/logo512.png","contentUrl":"https:\/\/jogiszakforditas.hu\/deutsch\/wp-content\/uploads\/2021\/06\/logo512.png","width":200,"height":200,"caption":"Jogi Szakford\u00edt\u00e1s"},"image":{"@id":"https:\/\/jogiszakforditas.hu\/deutsch\/#\/schema\/logo\/image\/"}}]}},"_links":{"self":[{"href":"https:\/\/jogiszakforditas.hu\/deutsch\/wp-json\/wp\/v2\/pages\/25"}],"collection":[{"href":"https:\/\/jogiszakforditas.hu\/deutsch\/wp-json\/wp\/v2\/pages"}],"about":[{"href":"https:\/\/jogiszakforditas.hu\/deutsch\/wp-json\/wp\/v2\/types\/page"}],"author":[{"embeddable":true,"href":"https:\/\/jogiszakforditas.hu\/deutsch\/wp-json\/wp\/v2\/users\/1"}],"replies":[{"embeddable":true,"href":"https:\/\/jogiszakforditas.hu\/deutsch\/wp-json\/wp\/v2\/comments?post=25"}],"version-history":[{"count":4,"href":"https:\/\/jogiszakforditas.hu\/deutsch\/wp-json\/wp\/v2\/pages\/25\/revisions"}],"predecessor-version":[{"id":91,"href":"https:\/\/jogiszakforditas.hu\/deutsch\/wp-json\/wp\/v2\/pages\/25\/revisions\/91"}],"wp:attachment":[{"href":"https:\/\/jogiszakforditas.hu\/deutsch\/wp-json\/wp\/v2\/media?parent=25"}],"curies":[{"name":"wp","href":"https:\/\/api.w.org\/{rel}","templated":true}]}}