{"id":35,"date":"2016-04-08T13:59:35","date_gmt":"2016-04-08T13:59:35","guid":{"rendered":"http:\/\/jogiszakforditas.hu\/deutsch\/?page_id=35"},"modified":"2021-06-29T13:22:07","modified_gmt":"2021-06-29T13:22:07","slug":"kontakt-angebotsnachfrage","status":"publish","type":"page","link":"https:\/\/jogiszakforditas.hu\/deutsch\/kontakt-angebotsnachfrage\/","title":{"rendered":"Kontakt, Angebotsnachfrage"},"content":{"rendered":"<div style=\"float: left; width: 50%;\">\n<p style=\"text-align: left;\">Em<div id=\"vfb-form-1\" class=\"visual-form-builder-container\"><form id=\"arajanlat-keres-1\" class=\"visual-form-builder vfb-form-1 \" method=\"post\" enctype=\"multipart\/form-data\">\n\t  \t<input type=\"hidden\" name=\"form_id\" value=\"1\" \/><fieldset class=\"vfb-fieldset vfb-fieldset-1 1 \" id=\"item-vfb-1\">&nbsp;<ul class=\"vfb-section vfb-section-1\"><li class=\"vfb-item vfb-item-text  \" id=\"item-vfb-5\"><label for=\"vfb-5\" class=\"vfb-desc\">Name  <span class=\"vfb-required-asterisk\">*<\/span><\/label><input type=\"text\" name=\"vfb-5\" id=\"vfb-5\" value=\"\" class=\"vfb-text  vfb-medium  required  \" \/><\/li><li class=\"vfb-item vfb-item-text  \" id=\"item-vfb-6\"><label for=\"vfb-6\" class=\"vfb-desc\">Email Adresse  <span class=\"vfb-required-asterisk\">*<\/span><\/label><input type=\"text\" name=\"vfb-6\" id=\"vfb-6\" value=\"\" class=\"vfb-text  vfb-medium  required  \" \/><\/li><div id=\"item-vfb-7\" class=\"vfb-section-div \"><h4>In welcher Sprache brauchen Sie die \u00dcbersetzung?<\/h4><\/div><div class=\"vfb-clear\"><\/div><li class=\"vfb-item vfb-item-select   vfb-left-half\" id=\"item-vfb-8\"><label for=\"vfb-8\" class=\"vfb-desc\"> <\/label><select name=\"vfb-8\" id=\"vfb-8\" class=\"vfb-select  vfb-medium  \"><option value=\"Englisch\">Englisch<\/option><option value=\"Deutsch\">Deutsch<\/option><option value=\"Franz\u00f6sisch\">Franz\u00f6sisch<\/option><option value=\"Italienisch\">Italienisch<\/option><option value=\"Spanisch\">Spanisch<\/option><option value=\"Russisch\">Russisch<\/option><option value=\"Rum\u00e4nisch\">Rum\u00e4nisch<\/option><option value=\"Slowakisch\">Slowakisch<\/option><option value=\"Tschechisch\">Tschechisch<\/option><option value=\"Serbisch\">Serbisch<\/option><option value=\"Kroatisch\">Kroatisch<\/option><option value=\"Slowenisch\">Slowenisch<\/option><option value=\"Japanisch\">Japanisch<\/option><option value=\"Chinesisch\">Chinesisch<\/option><\/select><\/li><li class=\"vfb-item vfb-item-text   vfb-right-half\" id=\"item-vfb-9\"><label for=\"vfb-9\" class=\"vfb-desc\"> <\/label><input type=\"text\" name=\"vfb-9\" id=\"vfb-9\" value=\"oder sonstige Sprachen\" class=\"vfb-text  vfb-medium   \" \/><\/li><li class=\"vfb-item vfb-item-text  \" id=\"item-vfb-10\"><label for=\"vfb-10\" class=\"vfb-desc\">Mit welcher Befristung brauchen Sie die \u00dcbersetzung? <\/label><input type=\"text\" name=\"vfb-10\" id=\"vfb-10\" value=\"\" class=\"vfb-text  vfb-medium   \" \/><\/li><li class=\"vfb-item vfb-item-textarea  \" id=\"item-vfb-11\"><label for=\"vfb-11\" class=\"vfb-desc\">Nachricht <\/label><div><textarea name=\"vfb-11\" id=\"vfb-11\" class=\"vfb-textarea  vfb-medium  \"><\/textarea><\/div><\/li><div id=\"item-vfb-12\" class=\"vfb-section-div \"><h4>Umfang des Dokuments<\/h4><\/div><div class=\"vfb-clear\"><\/div><li class=\"vfb-item vfb-item-select  \" id=\"item-vfb-13\"><label for=\"vfb-13\" class=\"vfb-desc\">Einheitspreis nach Menge <\/label><select name=\"vfb-13\" id=\"vfb-13\" class=\"vfb-select  vfb-medium  \"><option value=\"Anschl\u00e4ge (mit Leerzeichen)\">Anschl\u00e4ge (mit Leerzeichen)<\/option><option value=\"Worte\">Worte<\/option><option value=\"Seiten\">Seiten<\/option><\/select><\/li><div id=\"item-vfb-14\" class=\"vfb-section-div \"><h4>Dokument hochladen (nicht zwingend)<\/h4><\/div><div class=\"vfb-clear\"><\/div><li class=\"vfb-item vfb-item-file-upload  \" id=\"item-vfb-15\"><label for=\"vfb-15\" class=\"vfb-desc\">File Upload <\/label><input type=\"file\" name=\"vfb-15\" id=\"vfb-15\" value=\"\" class=\"vfb-text  vfb-medium     {accept:'png|jpe?g|gif'}\" \/><\/li><\/ul>&nbsp;<\/fieldset><fieldset class=\"vfb-fieldset vfb-fieldset-2 verification \" id=\"item-vfb-2\" style=\"display:block\"><div class=\"vfb-legend\"><h3>Verification<\/h3><\/div><ul class=\"vfb-section vfb-section-2\"><li class=\"vfb-item vfb-item-secret\"  style=\"display:block\"><label for=\"vfb-3\" class=\"vfb-desc\">Please enter any two digits <span class=\"vfb-required-asterisk\">*<\/span><\/label><input type=\"hidden\" name=\"_vfb-secret\" value=\"vfb-3\" \/><span class=\"vfb-span\"><input type=\"text\" name=\"vfb-3\" id=\"vfb-3\" value=\"\" class=\"vfb-text  vfb-medium  required {digits:true,maxlength:2,minlength:2} \" style=\"display:block\" \/><label>Example: 12<\/label><\/span><li style=\"display:none;\"><label>Ez a rovat a spam v\u00e9delem - &lt;strong&gt;k\u00e9rlek, hagyd \u00fcresen&lt;\/strong&gt;:<\/label><div><input name=\"vfb-spam\" \/><\/div><\/li>\n\t\t\t<li class=\"vfb-item vfb-item-submit\" id=\"item-vfb-4\">\n\t\t\t\t<input type=\"submit\" name=\"vfb-submit\" id=\"vfb-4\" value=\"Senden\" class=\"vfb-submit \" \/>\n\t\t\t\t<\/li><\/ul>\n\t\t\t<\/fieldset><input type=\"hidden\" name=\"_wp_http_referer\" value=\"\/deutsch\/wp-json\/wp\/v2\/pages\/35\" \/><\/form><\/div> <!-- .visual-form-builder-container --><\/p>\n<\/div>\n<div style=\"float: left; width: 30%; margin-left: 9%;\">\n<p style=\"text-align: left;\">Angebotsnachfrage<\/p>\n<h4 style=\"text-align: left;\"><\/h4>\n<h4 style=\"text-align: left;\"><strong>Telefon: 30\/541 30 12<\/strong><\/h4>\n<p>Profundus Legal Translation Office Bt.<\/p>\n<p>Orom utca 52.<\/p>\n<p>H-2621 Ver\u0151ce,<\/p>\n<p>Ungarn<\/p>\n<p>Tel: +36 30 541 30 12<\/p>\n<p><a href=\"mailto:profundus.office@gmail.com\">profundus.office@gmail.com<\/a><\/p>\n<h3><\/h3>\n<p style=\"text-align: left;\"><a href=\"http:\/\/cmazlqgi.loginssl.com\/~cmazlqgi\/wp-content\/uploads\/2014\/03\/kezfogas-arajanlat-300x184.jpg\"><img loading=\"lazy\" decoding=\"async\" class=\"alignnone wp-image-733 size-medium\" src=\"http:\/\/cmazlqgi.loginssl.com\/~cmazlqgi\/wp-content\/uploads\/2014\/03\/kezfogas-arajanlat-300x184-300x184.jpg\" alt=\"\" width=\"300\" height=\"184\" \/><\/a><\/p>\n<\/div>\n","protected":false},"excerpt":{"rendered":"<p>Em Angebotsnachfrage Telefon: 30\/541 30 12 Profundus Legal Translation Office Bt. Orom utca 52. H-2621 Ver\u0151ce, Ungarn Tel: +36 30 541 30 12 profundus.office@gmail.com<\/p>\n","protected":false},"author":1,"featured_media":0,"parent":0,"menu_order":0,"comment_status":"closed","ping_status":"closed","template":"","meta":{"footnotes":""},"yoast_head":"<!-- This site is optimized with the Yoast SEO plugin v21.9.1 - https:\/\/yoast.com\/wordpress\/plugins\/seo\/ -->\n<title>Kontakt, Angebotsnachfrage - Jogi Szakford\u00edt\u00e1s<\/title>\n<meta name=\"robots\" content=\"index, follow, max-snippet:-1, max-image-preview:large, max-video-preview:-1\" \/>\n<link rel=\"canonical\" href=\"https:\/\/jogiszakforditas.hu\/deutsch\/kontakt-angebotsnachfrage\/\" \/>\n<meta property=\"og:locale\" content=\"hu_HU\" \/>\n<meta property=\"og:type\" content=\"article\" \/>\n<meta property=\"og:title\" content=\"Kontakt, Angebotsnachfrage - Jogi Szakford\u00edt\u00e1s\" \/>\n<meta property=\"og:description\" content=\"Em Angebotsnachfrage Telefon: 30\/541 30 12 Profundus Legal Translation Office Bt. Orom utca 52. H-2621 Ver\u0151ce, Ungarn Tel: +36 30 541 30 12 profundus.office@gmail.com\" \/>\n<meta property=\"og:url\" content=\"https:\/\/jogiszakforditas.hu\/deutsch\/kontakt-angebotsnachfrage\/\" \/>\n<meta property=\"og:site_name\" content=\"Jogi Szakford\u00edt\u00e1s\" \/>\n<meta property=\"article:modified_time\" content=\"2021-06-29T13:22:07+00:00\" \/>\n<meta property=\"og:image\" content=\"http:\/\/cmazlqgi.loginssl.com\/~cmazlqgi\/wp-content\/uploads\/2014\/03\/kezfogas-arajanlat-300x184-300x184.jpg\" \/>\n<meta name=\"twitter:card\" content=\"summary_large_image\" \/>\n<script type=\"application\/ld+json\" class=\"yoast-schema-graph\">{\"@context\":\"https:\/\/schema.org\",\"@graph\":[{\"@type\":\"WebPage\",\"@id\":\"https:\/\/jogiszakforditas.hu\/deutsch\/kontakt-angebotsnachfrage\/\",\"url\":\"https:\/\/jogiszakforditas.hu\/deutsch\/kontakt-angebotsnachfrage\/\",\"name\":\"Kontakt, Angebotsnachfrage - Jogi Szakford\u00edt\u00e1s\",\"isPartOf\":{\"@id\":\"https:\/\/jogiszakforditas.hu\/deutsch\/#website\"},\"datePublished\":\"2016-04-08T13:59:35+00:00\",\"dateModified\":\"2021-06-29T13:22:07+00:00\",\"breadcrumb\":{\"@id\":\"https:\/\/jogiszakforditas.hu\/deutsch\/kontakt-angebotsnachfrage\/#breadcrumb\"},\"inLanguage\":\"hu\",\"potentialAction\":[{\"@type\":\"ReadAction\",\"target\":[\"https:\/\/jogiszakforditas.hu\/deutsch\/kontakt-angebotsnachfrage\/\"]}]},{\"@type\":\"BreadcrumbList\",\"@id\":\"https:\/\/jogiszakforditas.hu\/deutsch\/kontakt-angebotsnachfrage\/#breadcrumb\",\"itemListElement\":[{\"@type\":\"ListItem\",\"position\":1,\"name\":\"Kezd\u0151lap\",\"item\":\"https:\/\/jogiszakforditas.hu\/deutsch\/\"},{\"@type\":\"ListItem\",\"position\":2,\"name\":\"Kontakt, Angebotsnachfrage\"}]},{\"@type\":\"WebSite\",\"@id\":\"https:\/\/jogiszakforditas.hu\/deutsch\/#website\",\"url\":\"https:\/\/jogiszakforditas.hu\/deutsch\/\",\"name\":\"Jogi Szakford\u00edt\u00e1s\",\"description\":\"Fachgerechte \u00dcbersetzung von Juristen f\u00fcr Juristen\",\"publisher\":{\"@id\":\"https:\/\/jogiszakforditas.hu\/deutsch\/#organization\"},\"potentialAction\":[{\"@type\":\"SearchAction\",\"target\":{\"@type\":\"EntryPoint\",\"urlTemplate\":\"https:\/\/jogiszakforditas.hu\/deutsch\/?s={search_term_string}\"},\"query-input\":\"required name=search_term_string\"}],\"inLanguage\":\"hu\"},{\"@type\":\"Organization\",\"@id\":\"https:\/\/jogiszakforditas.hu\/deutsch\/#organization\",\"name\":\"Jogi Szakford\u00edt\u00e1s\",\"url\":\"https:\/\/jogiszakforditas.hu\/deutsch\/\",\"logo\":{\"@type\":\"ImageObject\",\"inLanguage\":\"hu\",\"@id\":\"https:\/\/jogiszakforditas.hu\/deutsch\/#\/schema\/logo\/image\/\",\"url\":\"https:\/\/jogiszakforditas.hu\/deutsch\/wp-content\/uploads\/2021\/06\/logo512.png\",\"contentUrl\":\"https:\/\/jogiszakforditas.hu\/deutsch\/wp-content\/uploads\/2021\/06\/logo512.png\",\"width\":200,\"height\":200,\"caption\":\"Jogi Szakford\u00edt\u00e1s\"},\"image\":{\"@id\":\"https:\/\/jogiszakforditas.hu\/deutsch\/#\/schema\/logo\/image\/\"}}]}<\/script>\n<!-- \/ Yoast SEO plugin. -->","yoast_head_json":{"title":"Kontakt, Angebotsnachfrage - Jogi Szakford\u00edt\u00e1s","robots":{"index":"index","follow":"follow","max-snippet":"max-snippet:-1","max-image-preview":"max-image-preview:large","max-video-preview":"max-video-preview:-1"},"canonical":"https:\/\/jogiszakforditas.hu\/deutsch\/kontakt-angebotsnachfrage\/","og_locale":"hu_HU","og_type":"article","og_title":"Kontakt, Angebotsnachfrage - Jogi Szakford\u00edt\u00e1s","og_description":"Em Angebotsnachfrage Telefon: 30\/541 30 12 Profundus Legal Translation Office Bt. Orom utca 52. H-2621 Ver\u0151ce, Ungarn Tel: +36 30 541 30 12 profundus.office@gmail.com","og_url":"https:\/\/jogiszakforditas.hu\/deutsch\/kontakt-angebotsnachfrage\/","og_site_name":"Jogi Szakford\u00edt\u00e1s","article_modified_time":"2021-06-29T13:22:07+00:00","og_image":[{"url":"http:\/\/cmazlqgi.loginssl.com\/~cmazlqgi\/wp-content\/uploads\/2014\/03\/kezfogas-arajanlat-300x184-300x184.jpg"}],"twitter_card":"summary_large_image","schema":{"@context":"https:\/\/schema.org","@graph":[{"@type":"WebPage","@id":"https:\/\/jogiszakforditas.hu\/deutsch\/kontakt-angebotsnachfrage\/","url":"https:\/\/jogiszakforditas.hu\/deutsch\/kontakt-angebotsnachfrage\/","name":"Kontakt, Angebotsnachfrage - Jogi Szakford\u00edt\u00e1s","isPartOf":{"@id":"https:\/\/jogiszakforditas.hu\/deutsch\/#website"},"datePublished":"2016-04-08T13:59:35+00:00","dateModified":"2021-06-29T13:22:07+00:00","breadcrumb":{"@id":"https:\/\/jogiszakforditas.hu\/deutsch\/kontakt-angebotsnachfrage\/#breadcrumb"},"inLanguage":"hu","potentialAction":[{"@type":"ReadAction","target":["https:\/\/jogiszakforditas.hu\/deutsch\/kontakt-angebotsnachfrage\/"]}]},{"@type":"BreadcrumbList","@id":"https:\/\/jogiszakforditas.hu\/deutsch\/kontakt-angebotsnachfrage\/#breadcrumb","itemListElement":[{"@type":"ListItem","position":1,"name":"Kezd\u0151lap","item":"https:\/\/jogiszakforditas.hu\/deutsch\/"},{"@type":"ListItem","position":2,"name":"Kontakt, Angebotsnachfrage"}]},{"@type":"WebSite","@id":"https:\/\/jogiszakforditas.hu\/deutsch\/#website","url":"https:\/\/jogiszakforditas.hu\/deutsch\/","name":"Jogi Szakford\u00edt\u00e1s","description":"Fachgerechte \u00dcbersetzung von Juristen f\u00fcr Juristen","publisher":{"@id":"https:\/\/jogiszakforditas.hu\/deutsch\/#organization"},"potentialAction":[{"@type":"SearchAction","target":{"@type":"EntryPoint","urlTemplate":"https:\/\/jogiszakforditas.hu\/deutsch\/?s={search_term_string}"},"query-input":"required name=search_term_string"}],"inLanguage":"hu"},{"@type":"Organization","@id":"https:\/\/jogiszakforditas.hu\/deutsch\/#organization","name":"Jogi Szakford\u00edt\u00e1s","url":"https:\/\/jogiszakforditas.hu\/deutsch\/","logo":{"@type":"ImageObject","inLanguage":"hu","@id":"https:\/\/jogiszakforditas.hu\/deutsch\/#\/schema\/logo\/image\/","url":"https:\/\/jogiszakforditas.hu\/deutsch\/wp-content\/uploads\/2021\/06\/logo512.png","contentUrl":"https:\/\/jogiszakforditas.hu\/deutsch\/wp-content\/uploads\/2021\/06\/logo512.png","width":200,"height":200,"caption":"Jogi Szakford\u00edt\u00e1s"},"image":{"@id":"https:\/\/jogiszakforditas.hu\/deutsch\/#\/schema\/logo\/image\/"}}]}},"_links":{"self":[{"href":"https:\/\/jogiszakforditas.hu\/deutsch\/wp-json\/wp\/v2\/pages\/35"}],"collection":[{"href":"https:\/\/jogiszakforditas.hu\/deutsch\/wp-json\/wp\/v2\/pages"}],"about":[{"href":"https:\/\/jogiszakforditas.hu\/deutsch\/wp-json\/wp\/v2\/types\/page"}],"author":[{"embeddable":true,"href":"https:\/\/jogiszakforditas.hu\/deutsch\/wp-json\/wp\/v2\/users\/1"}],"replies":[{"embeddable":true,"href":"https:\/\/jogiszakforditas.hu\/deutsch\/wp-json\/wp\/v2\/comments?post=35"}],"version-history":[{"count":6,"href":"https:\/\/jogiszakforditas.hu\/deutsch\/wp-json\/wp\/v2\/pages\/35\/revisions"}],"predecessor-version":[{"id":112,"href":"https:\/\/jogiszakforditas.hu\/deutsch\/wp-json\/wp\/v2\/pages\/35\/revisions\/112"}],"wp:attachment":[{"href":"https:\/\/jogiszakforditas.hu\/deutsch\/wp-json\/wp\/v2\/media?parent=35"}],"curies":[{"name":"wp","href":"https:\/\/api.w.org\/{rel}","templated":true}]}}